{"id":90,"date":"2023-09-12T07:58:25","date_gmt":"2023-09-12T07:58:25","guid":{"rendered":"https:\/\/octogamba.es\/?page_id=90"},"modified":"2023-10-26T14:57:31","modified_gmt":"2023-10-26T14:57:31","slug":"inicio","status":"publish","type":"page","link":"https:\/\/octogamba.es\/","title":{"rendered":"INICIO"},"content":{"rendered":"<p>[et_pb_section fb_built=\u00bb1&#8243; disabled_on=\u00bbon|on|off\u00bb _builder_version=\u00bb4.22.1&#8243; _module_preset=\u00bbdefault\u00bb background_enable_color=\u00bboff\u00bb background_enable_image=\u00bboff\u00bb background_video_mp4=\u00bbhttps:\/\/octogamba.es\/wp-content\/uploads\/2023\/09\/VIDEO-CABECERA-OCTOGAMBA-2.mp4&#8243; background_video_width=\u00bb100%\u00bb background_video_height=\u00bb100%\u00bb background_video_pause_outside_viewport=\u00bboff\u00bb custom_padding=\u00bb293px||293px||true|\u00bb global_colors_info=\u00bb{}\u00bb][et_pb_row _builder_version=\u00bb4.22.1&#8243; _module_preset=\u00bbdefault\u00bb global_colors_info=\u00bb{}\u00bb][et_pb_column type=\u00bb4_4&#8243; _builder_version=\u00bb4.22.1&#8243; _module_preset=\u00bbdefault\u00bb global_colors_info=\u00bb{}\u00bb][et_pb_text _builder_version=\u00bb4.22.1&#8243; _module_preset=\u00bbdefault\u00bb text_font=\u00bbNunito Sans|700|||||||\u00bb text_text_color=\u00bb#FFFFFF\u00bb text_font_size=\u00bb53px\u00bb text_letter_spacing=\u00bb2px\u00bb text_line_height=\u00bb1.5em\u00bb text_orientation=\u00bbcenter\u00bb text_text_shadow_style=\u00bbpreset1&#8243; global_colors_info=\u00bb{}\u00bb]<\/p>\n<p>OCTOGAMBA, EMPRESA DISTRIBUIDORA DE MARISCO SALVAJE<\/p>\n<p>[\/et_pb_text][\/et_pb_column][\/et_pb_row][\/et_pb_section][et_pb_section fb_built=\u00bb1&#8243; disabled_on=\u00bboff|off|on\u00bb _builder_version=\u00bb4.22.1&#8243; _module_preset=\u00bbdefault\u00bb background_enable_color=\u00bboff\u00bb background_image=\u00bbhttps:\/\/octogamba.es\/wp-content\/uploads\/2023\/09\/RECURSOS-VARIOS-14.jpg\u00bb custom_padding=\u00bb293px||293px||true|\u00bb global_colors_info=\u00bb{}\u00bb][et_pb_row _builder_version=\u00bb4.22.1&#8243; _module_preset=\u00bbdefault\u00bb global_colors_info=\u00bb{}\u00bb][et_pb_column type=\u00bb4_4&#8243; _builder_version=\u00bb4.22.1&#8243; _module_preset=\u00bbdefault\u00bb global_colors_info=\u00bb{}\u00bb][et_pb_text _builder_version=\u00bb4.22.1&#8243; _module_preset=\u00bbdefault\u00bb text_font=\u00bbNunito Sans|700|||||||\u00bb text_text_color=\u00bb#FFFFFF\u00bb text_font_size=\u00bb35px\u00bb text_letter_spacing=\u00bb2px\u00bb text_line_height=\u00bb1.2em\u00bb text_orientation=\u00bbcenter\u00bb text_text_shadow_style=\u00bbpreset1&#8243; global_colors_info=\u00bb{}\u00bb]<\/p>\n<p>OCTOGAMBA, EMPRESA DISTRIBUIDORA DE MARISCO SALVAJE<\/p>\n<p>[\/et_pb_text][\/et_pb_column][\/et_pb_row][\/et_pb_section][et_pb_section fb_built=\u00bb1&#8243; disabled_on=\u00bbon|on|off\u00bb _builder_version=\u00bb4.22.1&#8243; _module_preset=\u00bbdefault\u00bb background_color=\u00bbgcid-706b50f0-e689-4ba3-8d7a-e5c01c011a5a\u00bb background_enable_pattern_style=\u00bbon\u00bb background_pattern_style=\u00bbwaves\u00bb background_pattern_color=\u00bbrgba(0,0,0,0.03)\u00bb background_pattern_size=\u00bbcustom\u00bb background_pattern_width=\u00bb376px\u00bb background_pattern_height=\u00bb0px\u00bb background_pattern_horizontal_offset=\u00bb24%\u00bb background_pattern_vertical_offset=\u00bb87%\u00bb custom_padding=\u00bb0px||0px|||\u00bb border_width_top=\u00bb5px\u00bb border_color_top=\u00bb#FFFFFF\u00bb border_style_top=\u00bbnone\u00bb border_width_bottom=\u00bb5px\u00bb border_color_bottom=\u00bb#FFFFFF\u00bb global_colors_info=\u00bb{%22gcid-706b50f0-e689-4ba3-8d7a-e5c01c011a5a%22:%91%22background_color%22%93}\u00bb][et_pb_row column_structure=\u00bb1_5,1_5,1_5,1_5,1_5&#8243; use_custom_gutter=\u00bbon\u00bb gutter_width=\u00bb4&#8243; make_equal=\u00bbon\u00bb _builder_version=\u00bb4.22.1&#8243; _module_preset=\u00bbdefault\u00bb width=\u00bb70%\u00bb max_width=\u00bb1699px\u00bb module_alignment=\u00bbcenter\u00bb global_colors_info=\u00bb{}\u00bb][et_pb_column type=\u00bb1_5&#8243; _builder_version=\u00bb4.22.1&#8243; _module_preset=\u00bbdefault\u00bb global_colors_info=\u00bb{}\u00bb][et_pb_blurb title=\u00bbCAPTURADO EN ALTA MAR\u00bb image=\u00bbhttps:\/\/octogamba.es\/wp-content\/uploads\/2023\/09\/2CAPTURADO-EN-ALTA-MAR.png\u00bb image_icon_width=\u00bb35%\u00bb content_max_width=\u00bb100%\u00bb _builder_version=\u00bb4.22.1&#8243; _module_preset=\u00bbdefault\u00bb header_font=\u00bb|700|||||||\u00bb header_text_align=\u00bbcenter\u00bb header_text_color=\u00bb#FFFFFF\u00bb header_font_size=\u00bb15px\u00bb global_colors_info=\u00bb{}\u00bb][\/et_pb_blurb][\/et_pb_column][et_pb_column type=\u00bb1_5&#8243; _builder_version=\u00bb4.22.1&#8243; _module_preset=\u00bbdefault\u00bb global_colors_info=\u00bb{}\u00bb][et_pb_blurb title=\u00bbPRODUCTO SALVAJE\u00bb image=\u00bbhttps:\/\/octogamba.es\/wp-content\/uploads\/2023\/09\/2PRODUCTO-SALVAJE.png\u00bb image_icon_width=\u00bb35%\u00bb content_max_width=\u00bb100%\u00bb _builder_version=\u00bb4.22.1&#8243; _module_preset=\u00bbdefault\u00bb header_font=\u00bb|700|||||||\u00bb header_text_align=\u00bbcenter\u00bb header_text_color=\u00bb#FFFFFF\u00bb header_font_size=\u00bb15px\u00bb global_colors_info=\u00bb{}\u00bb][\/et_pb_blurb][\/et_pb_column][et_pb_column type=\u00bb1_5&#8243; _builder_version=\u00bb4.22.1&#8243; _module_preset=\u00bbdefault\u00bb global_colors_info=\u00bb{}\u00bb][et_pb_blurb title=\u00bbELABORADO EN HUELVA\u00bb image=\u00bbhttps:\/\/octogamba.es\/wp-content\/uploads\/2023\/09\/2ELABORADO-EN-HUELVA.png\u00bb image_icon_width=\u00bb35%\u00bb content_max_width=\u00bb100%\u00bb _builder_version=\u00bb4.22.1&#8243; _module_preset=\u00bbdefault\u00bb header_font=\u00bb|700|||||||\u00bb header_text_align=\u00bbcenter\u00bb header_text_color=\u00bb#FFFFFF\u00bb header_font_size=\u00bb15px\u00bb global_colors_info=\u00bb{}\u00bb image__hover_enabled=\u00bbon|desktop\u00bb image__hover=\u00bbhttps:\/\/octogamba.es\/wp-content\/uploads\/2023\/09\/2ELABORADO-EN-HUELVA.png\u00bb][\/et_pb_blurb][\/et_pb_column][et_pb_column type=\u00bb1_5&#8243; _builder_version=\u00bb4.22.1&#8243; _module_preset=\u00bbdefault\u00bb global_colors_info=\u00bb{}\u00bb][et_pb_blurb title=\u00bbSELECCIONADO A MANO\u00bb image=\u00bbhttps:\/\/octogamba.es\/wp-content\/uploads\/2023\/09\/2SELECCIONADO-A-MANO.png\u00bb image_icon_width=\u00bb35%\u00bb content_max_width=\u00bb100%\u00bb _builder_version=\u00bb4.22.1&#8243; _module_preset=\u00bbdefault\u00bb header_font=\u00bb|700|||||||\u00bb header_text_align=\u00bbcenter\u00bb header_text_color=\u00bb#FFFFFF\u00bb header_font_size=\u00bb15px\u00bb global_colors_info=\u00bb{}\u00bb][\/et_pb_blurb][\/et_pb_column][et_pb_column type=\u00bb1_5&#8243; _builder_version=\u00bb4.22.1&#8243; _module_preset=\u00bbdefault\u00bb global_colors_info=\u00bb{}\u00bb][et_pb_blurb title=\u00bbPRODUCTO SALUDABLE\u00bb image=\u00bbhttps:\/\/octogamba.es\/wp-content\/uploads\/2023\/09\/2PRODUCTO-SALUDABLE.png\u00bb image_icon_width=\u00bb35%\u00bb content_max_width=\u00bb100%\u00bb _builder_version=\u00bb4.22.1&#8243; _module_preset=\u00bbdefault\u00bb header_font=\u00bb|700|||||||\u00bb header_text_align=\u00bbcenter\u00bb header_text_color=\u00bb#FFFFFF\u00bb header_font_size=\u00bb15px\u00bb global_colors_info=\u00bb{}\u00bb][\/et_pb_blurb][\/et_pb_column][\/et_pb_row][\/et_pb_section][et_pb_section fb_built=\u00bb1&#8243; disabled_on=\u00bboff|off|on\u00bb _builder_version=\u00bb4.22.1&#8243; _module_preset=\u00bbdefault\u00bb background_color=\u00bbgcid-706b50f0-e689-4ba3-8d7a-e5c01c011a5a\u00bb background_enable_pattern_style=\u00bbon\u00bb background_pattern_style=\u00bbwaves\u00bb background_pattern_color=\u00bbrgba(0,0,0,0.03)\u00bb background_pattern_size=\u00bbcustom\u00bb background_pattern_width=\u00bb376px\u00bb background_pattern_height=\u00bb0px\u00bb background_pattern_horizontal_offset=\u00bb24%\u00bb background_pattern_vertical_offset=\u00bb87%\u00bb border_width_top=\u00bb5px\u00bb border_color_top=\u00bb#FFFFFF\u00bb border_style_top=\u00bbnone\u00bb border_width_bottom=\u00bb5px\u00bb border_color_bottom=\u00bb#FFFFFF\u00bb global_colors_info=\u00bb{%22gcid-706b50f0-e689-4ba3-8d7a-e5c01c011a5a%22:%91%22background_color%22%93}\u00bb][et_pb_row column_structure=\u00bb1_5,1_5,1_5,1_5,1_5&#8243; use_custom_gutter=\u00bbon\u00bb make_equal=\u00bbon\u00bb _builder_version=\u00bb4.22.1&#8243; _module_preset=\u00bbdefault\u00bb width=\u00bb100%\u00bb max_width=\u00bb1699px\u00bb module_alignment=\u00bbcenter\u00bb global_colors_info=\u00bb{}\u00bb][et_pb_column type=\u00bb1_5&#8243; _builder_version=\u00bb4.22.1&#8243; _module_preset=\u00bbdefault\u00bb global_colors_info=\u00bb{}\u00bb][et_pb_blurb title=\u00bbCAPTURADO EN ALTA MAR\u00bb image=\u00bbhttps:\/\/octogamba.es\/wp-content\/uploads\/2023\/09\/2CAPTURADO-EN-ALTA-MAR.png\u00bb image_icon_width=\u00bb35%\u00bb content_max_width=\u00bb100%\u00bb _builder_version=\u00bb4.22.1&#8243; _module_preset=\u00bbdefault\u00bb header_font=\u00bb|700|||||||\u00bb header_text_align=\u00bbcenter\u00bb header_text_color=\u00bb#FFFFFF\u00bb header_font_size=\u00bb15px\u00bb global_colors_info=\u00bb{}\u00bb][\/et_pb_blurb][\/et_pb_column][et_pb_column type=\u00bb1_5&#8243; _builder_version=\u00bb4.22.1&#8243; _module_preset=\u00bbdefault\u00bb global_colors_info=\u00bb{}\u00bb][et_pb_blurb title=\u00bbPRODUCTO SALVAJE\u00bb image=\u00bbhttps:\/\/octogamba.es\/wp-content\/uploads\/2023\/09\/2PRODUCTO-SALVAJE.png\u00bb image_icon_width=\u00bb35%\u00bb content_max_width=\u00bb100%\u00bb _builder_version=\u00bb4.22.1&#8243; _module_preset=\u00bbdefault\u00bb header_font=\u00bb|700|||||||\u00bb header_text_align=\u00bbcenter\u00bb header_text_color=\u00bb#FFFFFF\u00bb header_font_size=\u00bb15px\u00bb global_colors_info=\u00bb{}\u00bb][\/et_pb_blurb][\/et_pb_column][et_pb_column type=\u00bb1_5&#8243; _builder_version=\u00bb4.22.1&#8243; _module_preset=\u00bbdefault\u00bb global_colors_info=\u00bb{}\u00bb][et_pb_blurb title=\u00bbELABORADO EN HUELVA\u00bb image=\u00bbhttps:\/\/octogamba.es\/wp-content\/uploads\/2023\/09\/2ELABORADO-EN-HUELVA.png\u00bb image_icon_width=\u00bb35%\u00bb content_max_width=\u00bb100%\u00bb _builder_version=\u00bb4.22.1&#8243; _module_preset=\u00bbdefault\u00bb header_font=\u00bb|700|||||||\u00bb header_text_align=\u00bbcenter\u00bb header_text_color=\u00bb#FFFFFF\u00bb header_font_size=\u00bb15px\u00bb global_colors_info=\u00bb{}\u00bb image__hover_enabled=\u00bbon|desktop\u00bb image__hover=\u00bbhttps:\/\/octogamba.es\/wp-content\/uploads\/2023\/09\/2ELABORADO-EN-HUELVA.png\u00bb][\/et_pb_blurb][\/et_pb_column][et_pb_column type=\u00bb1_5&#8243; _builder_version=\u00bb4.22.1&#8243; _module_preset=\u00bbdefault\u00bb global_colors_info=\u00bb{}\u00bb][et_pb_blurb title=\u00bbSELECCIONADO A MANO\u00bb image=\u00bbhttps:\/\/octogamba.es\/wp-content\/uploads\/2023\/09\/2SELECCIONADO-A-MANO.png\u00bb image_icon_width=\u00bb35%\u00bb content_max_width=\u00bb100%\u00bb _builder_version=\u00bb4.22.1&#8243; _module_preset=\u00bbdefault\u00bb header_font=\u00bb|700|||||||\u00bb header_text_align=\u00bbcenter\u00bb header_text_color=\u00bb#FFFFFF\u00bb header_font_size=\u00bb15px\u00bb global_colors_info=\u00bb{}\u00bb][\/et_pb_blurb][\/et_pb_column][et_pb_column type=\u00bb1_5&#8243; _builder_version=\u00bb4.22.1&#8243; _module_preset=\u00bbdefault\u00bb global_colors_info=\u00bb{}\u00bb][et_pb_blurb title=\u00bbPRODUCTO SALUDABLE\u00bb image=\u00bbhttps:\/\/octogamba.es\/wp-content\/uploads\/2023\/09\/2PRODUCTO-SALUDABLE.png\u00bb image_icon_width=\u00bb35%\u00bb content_max_width=\u00bb100%\u00bb _builder_version=\u00bb4.22.1&#8243; _module_preset=\u00bbdefault\u00bb header_font=\u00bb|700|||||||\u00bb header_text_align=\u00bbcenter\u00bb header_text_color=\u00bb#FFFFFF\u00bb header_font_size=\u00bb15px\u00bb global_colors_info=\u00bb{}\u00bb][\/et_pb_blurb][\/et_pb_column][\/et_pb_row][\/et_pb_section][et_pb_section fb_built=\u00bb1&#8243; _builder_version=\u00bb4.22.1&#8243; _module_preset=\u00bbdefault\u00bb background_color=\u00bb#ffffff\u00bb background_enable_mask_style=\u00bbon\u00bb background_mask_style=\u00bbtriangles\u00bb background_mask_color=\u00bbrgba(12,0,0,0.04)\u00bb background_mask_transform=\u00bbrotate_90_degree|flip_vertical|invert\u00bb custom_padding=\u00bb25px||25px||true|\u00bb global_colors_info=\u00bb{}\u00bb][et_pb_row column_structure=\u00bb2_5,3_5&#8243; _builder_version=\u00bb4.22.1&#8243; _module_preset=\u00bbdefault\u00bb global_colors_info=\u00bb{}\u00bb][et_pb_column type=\u00bb2_5&#8243; _builder_version=\u00bb4.22.1&#8243; _module_preset=\u00bbdefault\u00bb global_colors_info=\u00bb{}\u00bb][et_pb_text _builder_version=\u00bb4.22.1&#8243; _module_preset=\u00bbdefault\u00bb header_font=\u00bb|700|||||||\u00bb background_image=\u00bbhttps:\/\/octogamba.es\/wp-content\/uploads\/2023\/09\/RECURSOS-VARIOS-14.jpg\u00bb background_size=\u00bbcustom\u00bb background_image_width=\u00bb100%\u00bb width=\u00bb100%\u00bb max_width=\u00bb100%\u00bb module_alignment=\u00bbcenter\u00bb min_height=\u00bb393px\u00bb height=\u00bb370px\u00bb max_height=\u00bb352px\u00bb global_colors_info=\u00bb{}\u00bb]<\/p>\n<h1>NUESTRA EMPRESA<\/h1>\n<h3><em>Somos<\/em><\/h3>\n<p>[\/et_pb_text][\/et_pb_column][et_pb_column type=\u00bb3_5&#8243; _builder_version=\u00bb4.22.1&#8243; _module_preset=\u00bbdefault\u00bb global_colors_info=\u00bb{}\u00bb][et_pb_text _builder_version=\u00bb4.22.1&#8243; _module_preset=\u00bbdefault\u00bb custom_margin=\u00bb0px||||false|false\u00bb global_colors_info=\u00bb{}\u00bb]<\/p>\n<p>OCTOGAMBA S.L. Ubicada en Huelva, es una compa\u00f1\u00eda distribuidora de mariscos salvajes capturados y congelados en alta mar, lo que garantiza una calidad \u00fanica en cada uno de sus productos.<\/p>\n<p>OCTOGAMBA aparece en 2015, cuando se registra como marca propia de la mano de grandes profesionales del sector, con m\u00e1s de 30 a\u00f1os de experiencia. Opera con las premisas de \u00abpesca sostenible\u00bb, buscando minimizar el mpaco ambiental y respetando en todo momento la legislaci\u00f3n local e internacional.<\/p>\n<p>[\/et_pb_text][et_pb_button button_url=\u00bb@ET-DC@eyJkeW5hbWljIjp0cnVlLCJjb250ZW50IjoicG9zdF9saW5rX3VybF9wYWdlIiwic2V0dGluZ3MiOnsicG9zdF9pZCI6IjMyMDQ5In19@\u00bb button_text=\u00bbSABER M\u00c1S\u00bb _builder_version=\u00bb4.22.1&#8243; _dynamic_attributes=\u00bbbutton_url\u00bb _module_preset=\u00bbdefault\u00bb custom_button=\u00bbon\u00bb button_text_size=\u00bb15px\u00bb button_text_color=\u00bbgcid-706b50f0-e689-4ba3-8d7a-e5c01c011a5a\u00bb button_icon=\u00bb&#x4c;||divi||400&#8243; button_on_hover=\u00bboff\u00bb global_colors_info=\u00bb{%22gcid-706b50f0-e689-4ba3-8d7a-e5c01c011a5a%22:%91%22button_text_color%22%93}\u00bb][\/et_pb_button][\/et_pb_column][\/et_pb_row][\/et_pb_section][et_pb_section fb_built=\u00bb1&#8243; _builder_version=\u00bb4.22.1&#8243; _module_preset=\u00bbdefault\u00bb background_color=\u00bb#232323&#8243; background_enable_pattern_style=\u00bbon\u00bb background_pattern_style=\u00bbhoneycomb\u00bb background_pattern_color=\u00bbrgba(165,107,0,0.14)\u00bb background_pattern_transform=\u00bbrotate_90_degree|flip_vertical|flip_horizontal\u00bb global_colors_info=\u00bb{}\u00bb][et_pb_row _builder_version=\u00bb4.22.1&#8243; _module_preset=\u00bbdefault\u00bb global_colors_info=\u00bb{}\u00bb][et_pb_column type=\u00bb4_4&#8243; _builder_version=\u00bb4.22.1&#8243; _module_preset=\u00bbdefault\u00bb global_colors_info=\u00bb{}\u00bb][et_pb_accordion open_toggle_text_color=\u00bbgcid-706b50f0-e689-4ba3-8d7a-e5c01c011a5a\u00bb toggle_icon=\u00bb&#x3f;||divi||400&#8243; icon_color=\u00bbgcid-706b50f0-e689-4ba3-8d7a-e5c01c011a5a\u00bb use_icon_font_size=\u00bbon\u00bb icon_font_size=\u00bb18px\u00bb _builder_version=\u00bb4.22.1&#8243; _module_preset=\u00bbdefault\u00bb toggle_text_color=\u00bbgcid-706b50f0-e689-4ba3-8d7a-e5c01c011a5a\u00bb global_colors_info=\u00bb{%22gcid-706b50f0-e689-4ba3-8d7a-e5c01c011a5a%22:%91%22open_toggle_text_color%22,%22toggle_text_color%22,%22icon_color%22%93}\u00bb][et_pb_accordion_item title=\u00bbFILOSOF\u00cdA DE MARCA\u00bb open=\u00bbon\u00bb _builder_version=\u00bb4.22.1&#8243; _module_preset=\u00bbdefault\u00bb global_colors_info=\u00bb{}\u00bb]<\/p>\n<p>Nuestra filosof\u00eda parte del firme compromiso de reducir al m\u00e1ximo el impacto que ejerce nuestra actividad comercial mediante tres ejes imprescindibles: Empleados, Sociedad y Gesti\u00f3n ambiental.<\/p>\n<p>Estamos comprometidos con la satisfacci\u00f3n de las necesidades de nuestros clientes, marc\u00e1ndonos como objetivo la mejora constante e implantaci\u00f3n de todos los avances del sector para ser capaces de\u00a0 proporcionarles productos de la m\u00e1xima calidad.<\/p>\n<p>[\/et_pb_accordion_item][et_pb_accordion_item title=\u00bbEXPERIENCIA Y PROFESIONALIDAD\u00bb _builder_version=\u00bb4.22.1&#8243; _module_preset=\u00bbdefault\u00bb global_colors_info=\u00bb{}\u00bb open=\u00bboff\u00bb]<\/p>\n<p>Somos un referente en el sector ya que contamos con m\u00e1s de 30 a\u00f1os de experiencia. Cumplimos rigurosamente la normativa nacional e internacional.<\/p>\n<p>Respetando las premisas determinadas por el principio de \u00abpesca sostenible\u00bb, para reducir al m\u00e1ximo el impacto ambiental. Contamos con un gran equipo t\u00e9cnico y de direcci\u00f3n,\u00a0 que conoce las necesidades del mercado y se adapta r\u00e1pidamente a los cambios, ofreciendo toda clase de soluciones.<\/p>\n<p>[\/et_pb_accordion_item][et_pb_accordion_item title=\u00bbCALIDAD\u00bb _builder_version=\u00bb4.22.1&#8243; _module_preset=\u00bbdefault\u00bb global_colors_info=\u00bb{}\u00bb open=\u00bboff\u00bb]<\/p>\n<p>Tenemos implantado un Sistema de Calidad Integral. Garantizamos la m\u00e1s alta calidad en la materia prima utilizada, los procesos que ejecutamos, el producto final que servimos, as\u00ed como la atenci\u00f3n comercial y post-venta-<\/p>\n<p>Elaboramos \u00abmano a mano\u00bb (siguiendo la tradici\u00f3n onubense) los mejores calderos. cumpliendo todos los requisitos impuestos por las reglas de seguridad alimentaria.<\/p>\n<p>[\/et_pb_accordion_item][et_pb_accordion_item title=\u00bbFLEXIBILIDAD Y VERSATILIDAD\u00bb _builder_version=\u00bb4.22.1&#8243; _module_preset=\u00bbdefault\u00bb global_colors_info=\u00bb{}\u00bb open=\u00bboff\u00bb]<\/p>\n<p>Tenemos implantado un Sistema de Calidad Integral. Garantizamos la m\u00e1s alta calidad en la materia prima utilizada, los procesos que ejecutamos, el producto final que servimos, as\u00ed como la atenci\u00f3n comercial y post-venta-<\/p>\n<p>Elaboramos \u00abmano a mano\u00bb (siguiendo la tradici\u00f3n onubense) los mejores calderos. cumpliendo todos los requisitos impuestos por las reglas de seguridad alimentaria.<\/p>\n<p>[\/et_pb_accordion_item][\/et_pb_accordion][\/et_pb_column][\/et_pb_row][\/et_pb_section][et_pb_section fb_built=\u00bb1&#8243; theme_builder_area=\u00bbpost_content\u00bb _builder_version=\u00bb4.22.1&#8243; _module_preset=\u00bbdefault\u00bb custom_padding=\u00bb14px||0px|||\u00bb][et_pb_row _builder_version=\u00bb4.22.1&#8243; _module_preset=\u00bbdefault\u00bb theme_builder_area=\u00bbpost_content\u00bb min_height=\u00bb138.6px\u00bb custom_margin=\u00bb-12px|auto||auto||\u00bb][et_pb_column _builder_version=\u00bb4.22.1&#8243; _module_preset=\u00bbdefault\u00bb type=\u00bb4_4&#8243; theme_builder_area=\u00bbpost_content\u00bb][et_pb_image src=\u00bbhttps:\/\/octogamba.es\/wp-content\/uploads\/2023\/10\/LOGOS-KIT-DIGITAL.jpg\u00bb _builder_version=\u00bb4.22.1&#8243; _module_preset=\u00bbdefault\u00bb theme_builder_area=\u00bbpost_content\u00bb title_text=\u00bbLOGOS-KIT-DIGITAL\u00bb hover_enabled=\u00bb0&#8243; sticky_enabled=\u00bb0&#8243;][\/et_pb_image][\/et_pb_column][\/et_pb_row][\/et_pb_section]<\/p>\n","protected":false},"excerpt":{"rendered":"<p>OCTOGAMBA, EMPRESA DISTRIBUIDORA DE MARISCO SALVAJEOCTOGAMBA, EMPRESA DISTRIBUIDORA DE MARISCO SALVAJENUESTRA EMPRESA SomosOCTOGAMBA S.L. Ubicada en Huelva, es una compa\u00f1\u00eda distribuidora de mariscos salvajes capturados y congelados en alta mar, lo que garantiza una calidad \u00fanica en cada uno de sus productos. OCTOGAMBA aparece en 2015, cuando se registra como marca propia de la mano [&hellip;]<\/p>\n","protected":false},"author":1,"featured_media":0,"parent":0,"menu_order":0,"comment_status":"closed","ping_status":"closed","template":"","meta":{"_et_pb_use_builder":"on","_et_pb_old_content":"","_et_gb_content_width":"","footnotes":""},"class_list":["post-90","page","type-page","status-publish","hentry"],"_links":{"self":[{"href":"https:\/\/octogamba.es\/index.php\/wp-json\/wp\/v2\/pages\/90","targetHints":{"allow":["GET"]}}],"collection":[{"href":"https:\/\/octogamba.es\/index.php\/wp-json\/wp\/v2\/pages"}],"about":[{"href":"https:\/\/octogamba.es\/index.php\/wp-json\/wp\/v2\/types\/page"}],"author":[{"embeddable":true,"href":"https:\/\/octogamba.es\/index.php\/wp-json\/wp\/v2\/users\/1"}],"replies":[{"embeddable":true,"href":"https:\/\/octogamba.es\/index.php\/wp-json\/wp\/v2\/comments?post=90"}],"version-history":[{"count":24,"href":"https:\/\/octogamba.es\/index.php\/wp-json\/wp\/v2\/pages\/90\/revisions"}],"predecessor-version":[{"id":32793,"href":"https:\/\/octogamba.es\/index.php\/wp-json\/wp\/v2\/pages\/90\/revisions\/32793"}],"wp:attachment":[{"href":"https:\/\/octogamba.es\/index.php\/wp-json\/wp\/v2\/media?parent=90"}],"curies":[{"name":"wp","href":"https:\/\/api.w.org\/{rel}","templated":true}]}}