{"id":32084,"date":"2023-09-14T15:21:25","date_gmt":"2023-09-14T15:21:25","guid":{"rendered":"https:\/\/octogamba.es\/?page_id=32084"},"modified":"2023-09-25T14:27:00","modified_gmt":"2023-09-25T14:27:00","slug":"producto","status":"publish","type":"page","link":"https:\/\/octogamba.es\/index.php\/producto\/","title":{"rendered":"PRODUCTO"},"content":{"rendered":"<p>[et_pb_section fb_built=\u00bb1&#8243; disabled_on=\u00bbon|on|off\u00bb _builder_version=\u00bb4.22.1&#8243; _module_preset=\u00bbdefault\u00bb background_enable_color=\u00bboff\u00bb background_enable_image=\u00bboff\u00bb background_video_mp4=\u00bbhttps:\/\/octogamba.es\/wp-content\/uploads\/2023\/09\/CABECERA-PRODUCTO.mp4&#8243; background_video_width=\u00bb100%\u00bb background_video_height=\u00bb100%\u00bb background_video_pause_outside_viewport=\u00bboff\u00bb custom_padding=\u00bb293px||293px||true|\u00bb global_colors_info=\u00bb{}\u00bb][et_pb_row _builder_version=\u00bb4.22.1&#8243; _module_preset=\u00bbdefault\u00bb global_colors_info=\u00bb{}\u00bb][et_pb_column type=\u00bb4_4&#8243; _builder_version=\u00bb4.22.1&#8243; _module_preset=\u00bbdefault\u00bb global_colors_info=\u00bb{}\u00bb][et_pb_text _builder_version=\u00bb4.22.1&#8243; _module_preset=\u00bbdefault\u00bb text_font=\u00bbNunito Sans|700|||||||\u00bb text_text_color=\u00bb#FFFFFF\u00bb text_font_size=\u00bb53px\u00bb text_letter_spacing=\u00bb2px\u00bb text_line_height=\u00bb1.5em\u00bb text_orientation=\u00bbcenter\u00bb text_text_shadow_style=\u00bbpreset1&#8243; global_colors_info=\u00bb{}\u00bb]<\/p>\n<p>PRODUCTO DE CALIDAD<\/p>\n<p>[\/et_pb_text][\/et_pb_column][\/et_pb_row][\/et_pb_section][et_pb_section fb_built=\u00bb1&#8243; disabled_on=\u00bboff|off|on\u00bb _builder_version=\u00bb4.22.1&#8243; _module_preset=\u00bbdefault\u00bb background_enable_color=\u00bboff\u00bb background_image=\u00bbhttps:\/\/octogamba.es\/wp-content\/uploads\/2023\/09\/RECURSOS-VARIOS-8.jpg\u00bb custom_padding=\u00bb293px||293px||true|\u00bb global_colors_info=\u00bb{}\u00bb][et_pb_row _builder_version=\u00bb4.22.1&#8243; _module_preset=\u00bbdefault\u00bb global_colors_info=\u00bb{}\u00bb][et_pb_column type=\u00bb4_4&#8243; _builder_version=\u00bb4.22.1&#8243; _module_preset=\u00bbdefault\u00bb global_colors_info=\u00bb{}\u00bb][et_pb_text _builder_version=\u00bb4.22.1&#8243; _module_preset=\u00bbdefault\u00bb text_font=\u00bbNunito Sans|700|||||||\u00bb text_text_color=\u00bb#FFFFFF\u00bb text_font_size=\u00bb35px\u00bb text_letter_spacing=\u00bb2px\u00bb text_line_height=\u00bb1.2em\u00bb text_orientation=\u00bbcenter\u00bb text_text_shadow_style=\u00bbpreset1&#8243; global_colors_info=\u00bb{}\u00bb]<\/p>\n<p>PRODUCTO DE CALIDAD<\/p>\n<p>[\/et_pb_text][\/et_pb_column][\/et_pb_row][\/et_pb_section][et_pb_section fb_built=\u00bb1&#8243; _builder_version=\u00bb4.22.1&#8243; _module_preset=\u00bbdefault\u00bb background_enable_mask_style=\u00bbon\u00bb background_mask_style=\u00bbtriangles\u00bb background_mask_color=\u00bbrgba(12,0,0,0.04)\u00bb background_mask_transform=\u00bbrotate_90_degree|flip_vertical|invert\u00bb custom_padding=\u00bb25px||25px||true|\u00bb global_colors_info=\u00bb{}\u00bb][et_pb_row _builder_version=\u00bb4.22.1&#8243; _module_preset=\u00bbdefault\u00bb global_colors_info=\u00bb{}\u00bb][et_pb_column type=\u00bb4_4&#8243; _builder_version=\u00bb4.22.1&#8243; _module_preset=\u00bbdefault\u00bb global_colors_info=\u00bb{}\u00bb][et_pb_text _builder_version=\u00bb4.22.1&#8243; _module_preset=\u00bbdefault\u00bb global_colors_info=\u00bb{}\u00bb]<\/p>\n<h1><strong>NUESTROS PRODUCTOS<\/strong><\/h1>\n<p>[\/et_pb_text][et_pb_text _builder_version=\u00bb4.22.1&#8243; _module_preset=\u00bbdefault\u00bb custom_margin=\u00bb0px||||false|false\u00bb global_colors_info=\u00bb{}\u00bb]<\/p>\n<p>Los productos que ofrece OCTOGAMBA se ultracongelan (de forma ultrar\u00e1pida) inmediatamente despu\u00e9s de su captura, preservando as\u00ed la totalidad del sabor y valor nutritivo de los productos frescos, reduciendo al m\u00e1ximo la p\u00e9rdida de cualquiera de sus propuedades organl\u00e9pticas.\u00a0<\/p>\n<p>Disponemos de una amplia variedad de productos ofrecidos con total flexibilidad, adaptando los formatos a las necesidades de cada cliente, desde los 150gr hasta los 4Kg, generalmente en estuche de cart\u00f3n, caja de p\u00f3rex, caja de madera, etc.\u00a0<\/p>\n<p>En la actualidad, diferenciamos nuestros productos principalmente en dos l\u00edneas, destacando en cada una de ella el or\u00edgen y tradici\u00f3n del marisco, siendo colocado de forma artesanal pieza a pieza en cada una de las diferentes presentaciones del producto.<\/p>\n<p>[\/et_pb_text][\/et_pb_column][\/et_pb_row][et_pb_row column_structure=\u00bb1_2,1_2&#8243; disabled_on=\u00bbon|on|off\u00bb _builder_version=\u00bb4.22.1&#8243; _module_preset=\u00bbdefault\u00bb global_colors_info=\u00bb{}\u00bb][et_pb_column type=\u00bb1_2&#8243; _builder_version=\u00bb4.22.1&#8243; _module_preset=\u00bbdefault\u00bb global_colors_info=\u00bb{}\u00bb][et_pb_cta title=\u00bbCONGELADO A BORDO\u00bb button_url=\u00bb@ET-DC@eyJkeW5hbWljIjp0cnVlLCJjb250ZW50IjoicG9zdF9saW5rX3VybF9wYWdlIiwic2V0dGluZ3MiOnsicG9zdF9pZCI6IjMyMzgwIn19@\u00bb button_text=\u00bbIR A PRODUCTOS\u00bb _builder_version=\u00bb4.22.1&#8243; _dynamic_attributes=\u00bbbutton_url\u00bb _module_preset=\u00bbdefault\u00bb background_color=\u00bbrgba(94,94,94,0.6)\u00bb background_image=\u00bbhttps:\/\/octogamba.es\/wp-content\/uploads\/2023\/09\/CONGELADO-A-BORDO-scaled.jpg\u00bb background_size=\u00bbcustom\u00bb background_image_width=\u00bb100%\u00bb background_position=\u00bbtop_center\u00bb background_vertical_offset=\u00bb14%\u00bb background_blend=\u00bboverlay\u00bb custom_button=\u00bbon\u00bb button_text_size=\u00bb16px\u00bb button_use_icon=\u00bboff\u00bb custom_padding=\u00bb162px||162px||true|\u00bb text_shadow_style=\u00bbpreset1&#8243; text_shadow_horizontal_length=\u00bb0.01em\u00bb text_shadow_vertical_length=\u00bb-0.07em\u00bb text_shadow_blur_strength=\u00bb0.22em\u00bb text_shadow_color=\u00bb#0a0a0a\u00bb global_colors_info=\u00bb{}\u00bb]<\/p>\n<p>Producto salvaje, capturado en alta mar y congelado a bordo. El producto es sometido a un proceso de ultracongelaci\u00f3n a -40\u00ba en menos de 2 horas para mantener todas sus propiedades intactas.<\/p>\n<p>[\/et_pb_cta][\/et_pb_column][et_pb_column type=\u00bb1_2&#8243; _builder_version=\u00bb4.22.1&#8243; _module_preset=\u00bbdefault\u00bb global_colors_info=\u00bb{}\u00bb][et_pb_cta title=\u00bbELABORADO\u00bb button_url=\u00bb@ET-DC@eyJkeW5hbWljIjp0cnVlLCJjb250ZW50IjoicG9zdF9saW5rX3VybF9wYWdlIiwic2V0dGluZ3MiOnsicG9zdF9pZCI6IjMyMzc4In19@\u00bb button_text=\u00bbIR A PRODUCTOS\u00bb _builder_version=\u00bb4.22.1&#8243; _dynamic_attributes=\u00bbbutton_url\u00bb _module_preset=\u00bbdefault\u00bb background_color=\u00bbrgba(94,94,94,0.6)\u00bb background_image=\u00bbhttps:\/\/octogamba.es\/wp-content\/uploads\/2023\/09\/DSC8009-scaled.jpg\u00bb background_position=\u00bbbottom_center\u00bb background_vertical_offset=\u00bb100%\u00bb background_blend=\u00bboverlay\u00bb custom_button=\u00bbon\u00bb button_text_size=\u00bb16px\u00bb button_use_icon=\u00bboff\u00bb custom_padding=\u00bb150px||150px||true|\u00bb hover_enabled=\u00bb0&#8243; text_shadow_style=\u00bbpreset1&#8243; text_shadow_horizontal_length=\u00bb0.01em\u00bb text_shadow_vertical_length=\u00bb-0.07em\u00bb text_shadow_blur_strength=\u00bb0.22em\u00bb text_shadow_color=\u00bb#0a0a0a\u00bb global_colors_info=\u00bb{}\u00bb sticky_enabled=\u00bb0&#8243;]<\/p>\n<p>Marisco salvaje capturado en alta mar para realizar productos a medida. Podemos presentarlo crudo o cocido, en cajas de madera, p\u00f3rex o cart\u00f3n. Para ello seleccionamos a mano, pieza a pieza y nos adaptamos en formato, gramaje y envase.<\/p>\n<p>[\/et_pb_cta][\/et_pb_column][\/et_pb_row][et_pb_row column_structure=\u00bb1_2,1_2&#8243; disabled_on=\u00bboff|off|on\u00bb _builder_version=\u00bb4.22.1&#8243; _module_preset=\u00bbdefault\u00bb global_colors_info=\u00bb{}\u00bb][et_pb_column type=\u00bb1_2&#8243; _builder_version=\u00bb4.22.1&#8243; _module_preset=\u00bbdefault\u00bb global_colors_info=\u00bb{}\u00bb][et_pb_cta title=\u00bbCONGELADO A BORDO\u00bb button_url=\u00bb@ET-DC@eyJkeW5hbWljIjp0cnVlLCJjb250ZW50IjoicG9zdF9saW5rX3VybF9wYWdlIiwic2V0dGluZ3MiOnsicG9zdF9pZCI6IjMyMzgwIn19@\u00bb button_text=\u00bbIR A PRODUCTO\u00bb _builder_version=\u00bb4.22.1&#8243; _dynamic_attributes=\u00bbbutton_url\u00bb _module_preset=\u00bbdefault\u00bb background_color=\u00bbrgba(0,0,0,0.23)\u00bb background_image=\u00bbhttps:\/\/octogamba.es\/wp-content\/uploads\/2023\/09\/CONGELADO-A-BORDO-scaled.jpg\u00bb background_position=\u00bbbottom_center\u00bb background_vertical_offset=\u00bb77%\u00bb background_blend=\u00bboverlay\u00bb custom_button=\u00bbon\u00bb button_text_size=\u00bb15px\u00bb button_use_icon=\u00bboff\u00bb global_colors_info=\u00bb{}\u00bb]<\/p>\n<p>Producto salvaje, capturado en alta mar y congelado a bordo. El producto es sometido a un proceso de ultracongelaci\u00f3n a -40\u00ba en menos de 2 horas para mantener todas sus propiedades intactas.<\/p>\n<p>[\/et_pb_cta][\/et_pb_column][et_pb_column type=\u00bb1_2&#8243; _builder_version=\u00bb4.22.1&#8243; _module_preset=\u00bbdefault\u00bb global_colors_info=\u00bb{}\u00bb][et_pb_cta title=\u00bbELABORADO\u00bb button_url=\u00bb@ET-DC@eyJkeW5hbWljIjp0cnVlLCJjb250ZW50IjoicG9zdF9saW5rX3VybF9wYWdlIiwic2V0dGluZ3MiOnsicG9zdF9pZCI6IjMyMzc4In19@\u00bb button_text=\u00bbIR A PRODUCTO\u00bb _builder_version=\u00bb4.22.1&#8243; _dynamic_attributes=\u00bbbutton_url\u00bb _module_preset=\u00bbdefault\u00bb background_color=\u00bbrgba(0,0,0,0.23)\u00bb background_image=\u00bbhttps:\/\/octogamba.es\/wp-content\/uploads\/2023\/09\/DSC8009-scaled.jpg\u00bb background_blend=\u00bboverlay\u00bb custom_button=\u00bbon\u00bb button_text_size=\u00bb15px\u00bb button_use_icon=\u00bboff\u00bb hover_enabled=\u00bb0&#8243; global_colors_info=\u00bb{}\u00bb sticky_enabled=\u00bb0&#8243;]<\/p>\n<p>Marisco salvaje capturado en alta mar para realizar productos a medida. Podemos presentarlo crudo o cocido, en cajas de madera, p\u00f3rex o cart\u00f3n. Para ello seleccionamos a mano, pieza a pieza y nos adaptamos en formato, gramaje y envase.<\/p>\n<p>[\/et_pb_cta][\/et_pb_column][\/et_pb_row][\/et_pb_section]<\/p>\n","protected":false},"excerpt":{"rendered":"<p>PRODUCTO DE CALIDADPRODUCTO DE CALIDADNUESTROS PRODUCTOSLos productos que ofrece OCTOGAMBA se ultracongelan (de forma ultrar\u00e1pida) inmediatamente despu\u00e9s de su captura, preservando as\u00ed la totalidad del sabor y valor nutritivo de los productos frescos, reduciendo al m\u00e1ximo la p\u00e9rdida de cualquiera de sus propuedades organl\u00e9pticas.\u00a0 Disponemos de una amplia variedad de productos ofrecidos con total flexibilidad, [&hellip;]<\/p>\n","protected":false},"author":1,"featured_media":0,"parent":0,"menu_order":0,"comment_status":"closed","ping_status":"closed","template":"","meta":{"_et_pb_use_builder":"on","_et_pb_old_content":"","_et_gb_content_width":"","footnotes":""},"class_list":["post-32084","page","type-page","status-publish","hentry"],"_links":{"self":[{"href":"https:\/\/octogamba.es\/index.php\/wp-json\/wp\/v2\/pages\/32084","targetHints":{"allow":["GET"]}}],"collection":[{"href":"https:\/\/octogamba.es\/index.php\/wp-json\/wp\/v2\/pages"}],"about":[{"href":"https:\/\/octogamba.es\/index.php\/wp-json\/wp\/v2\/types\/page"}],"author":[{"embeddable":true,"href":"https:\/\/octogamba.es\/index.php\/wp-json\/wp\/v2\/users\/1"}],"replies":[{"embeddable":true,"href":"https:\/\/octogamba.es\/index.php\/wp-json\/wp\/v2\/comments?post=32084"}],"version-history":[{"count":13,"href":"https:\/\/octogamba.es\/index.php\/wp-json\/wp\/v2\/pages\/32084\/revisions"}],"predecessor-version":[{"id":32554,"href":"https:\/\/octogamba.es\/index.php\/wp-json\/wp\/v2\/pages\/32084\/revisions\/32554"}],"wp:attachment":[{"href":"https:\/\/octogamba.es\/index.php\/wp-json\/wp\/v2\/media?parent=32084"}],"curies":[{"name":"wp","href":"https:\/\/api.w.org\/{rel}","templated":true}]}}