{"id":32049,"date":"2023-09-12T14:18:16","date_gmt":"2023-09-12T14:18:16","guid":{"rendered":"https:\/\/octogamba.es\/?page_id=32049"},"modified":"2023-09-19T07:33:17","modified_gmt":"2023-09-19T07:33:17","slug":"somos","status":"publish","type":"page","link":"https:\/\/octogamba.es\/index.php\/somos\/","title":{"rendered":"SOMOS"},"content":{"rendered":"<p>[et_pb_section fb_built=\u00bb1&#8243; disabled_on=\u00bbon|on|off\u00bb _builder_version=\u00bb4.22.1&#8243; _module_preset=\u00bbdefault\u00bb background_enable_color=\u00bboff\u00bb background_enable_image=\u00bboff\u00bb background_video_mp4=\u00bbhttps:\/\/octogamba.es\/wp-content\/uploads\/2023\/09\/CABEREZA-SOMOS.mp4&#8243; background_video_width=\u00bb100%\u00bb background_video_height=\u00bb100%\u00bb background_video_pause_outside_viewport=\u00bboff\u00bb custom_padding=\u00bb293px||293px||true|\u00bb global_colors_info=\u00bb{}\u00bb][et_pb_row _builder_version=\u00bb4.22.1&#8243; _module_preset=\u00bbdefault\u00bb global_colors_info=\u00bb{}\u00bb][et_pb_column type=\u00bb4_4&#8243; _builder_version=\u00bb4.22.1&#8243; _module_preset=\u00bbdefault\u00bb global_colors_info=\u00bb{}\u00bb][et_pb_text _builder_version=\u00bb4.22.1&#8243; _module_preset=\u00bbdefault\u00bb text_font=\u00bbNunito Sans|700|||||||\u00bb text_text_color=\u00bb#FFFFFF\u00bb text_font_size=\u00bb53px\u00bb text_letter_spacing=\u00bb2px\u00bb text_line_height=\u00bb1.5em\u00bb text_orientation=\u00bbcenter\u00bb text_text_shadow_style=\u00bbpreset1&#8243; global_colors_info=\u00bb{}\u00bb]<\/p>\n<p>SOMOS OCTOGAMBA<\/p>\n<p>[\/et_pb_text][\/et_pb_column][\/et_pb_row][\/et_pb_section][et_pb_section fb_built=\u00bb1&#8243; disabled_on=\u00bboff|off|on\u00bb _builder_version=\u00bb4.22.1&#8243; _module_preset=\u00bbdefault\u00bb background_color=\u00bbrgba(188,188,188,0.03)\u00bb background_image=\u00bbhttps:\/\/octogamba.es\/wp-content\/uploads\/2023\/09\/DJI_20220721_085300_111_pano.jpg\u00bb custom_padding=\u00bb293px||293px||true|\u00bb global_colors_info=\u00bb{}\u00bb][et_pb_row _builder_version=\u00bb4.22.1&#8243; _module_preset=\u00bbdefault\u00bb global_colors_info=\u00bb{}\u00bb][et_pb_column type=\u00bb4_4&#8243; _builder_version=\u00bb4.22.1&#8243; _module_preset=\u00bbdefault\u00bb global_colors_info=\u00bb{}\u00bb][et_pb_text _builder_version=\u00bb4.22.1&#8243; _module_preset=\u00bbdefault\u00bb text_font=\u00bbNunito Sans|700|||||||\u00bb text_text_color=\u00bb#FFFFFF\u00bb text_font_size=\u00bb35px\u00bb text_letter_spacing=\u00bb2px\u00bb text_line_height=\u00bb1.2em\u00bb text_orientation=\u00bbcenter\u00bb text_text_shadow_style=\u00bbpreset1&#8243; global_colors_info=\u00bb{}\u00bb]<\/p>\n<p>SOMOS OCTOGAMBA<\/p>\n<p>[\/et_pb_text][\/et_pb_column][\/et_pb_row][\/et_pb_section][et_pb_section fb_built=\u00bb1&#8243; _builder_version=\u00bb4.22.1&#8243; _module_preset=\u00bbdefault\u00bb background_image=\u00bbhttps:\/\/octogamba.es\/wp-content\/uploads\/2023\/09\/FONDO-1-1.png\u00bb background_size=\u00bbinitial\u00bb background_position=\u00bbbottom_center\u00bb background_vertical_offset=\u00bb-43%\u00bb custom_padding=\u00bb1px||1px||true|\u00bb global_colors_info=\u00bb{}\u00bb][et_pb_row _builder_version=\u00bb4.22.1&#8243; _module_preset=\u00bbdefault\u00bb global_colors_info=\u00bb{}\u00bb][et_pb_column type=\u00bb4_4&#8243; _builder_version=\u00bb4.22.1&#8243; _module_preset=\u00bbdefault\u00bb global_colors_info=\u00bb{}\u00bb][et_pb_text _builder_version=\u00bb4.22.1&#8243; _module_preset=\u00bbdefault\u00bb header_font=\u00bb|700|||||||\u00bb background_enable_image=\u00bboff\u00bb background_size=\u00bbcustom\u00bb background_image_width=\u00bb100%\u00bb width=\u00bb100%\u00bb max_width=\u00bb100%\u00bb module_alignment=\u00bbleft\u00bb min_height=\u00bb100px\u00bb height=\u00bb100px\u00bb max_height=\u00bb100px\u00bb custom_margin=\u00bb||0px|||\u00bb global_colors_info=\u00bb{}\u00bb]<\/p>\n<h1>NUESTRA EMPRESA<\/h1>\n<h3><em>Somos<\/em><\/h3>\n<p>[\/et_pb_text][et_pb_text _builder_version=\u00bb4.22.1&#8243; _module_preset=\u00bbdefault\u00bb custom_margin=\u00bb0px||||false|false\u00bb global_colors_info=\u00bb{}\u00bb]<\/p>\n<p><span>Octogamba SL es una empresa espa\u00f1ola con m\u00e1s de 30 a\u00f1os de experiencia en su sector, dedicada a la fabricaci\u00f3n, elaboraci\u00f3n y distribuci\u00f3n de productos pescados y congelados en alta mar, procedentes de los mejores caladeros de \u00c1frica. Procesamos y elaboramos este marisco salvaje abarcando todos los eslabones de la cadena de producci\u00f3n, para conseguir as\u00ed ofrecer una calidad de productos inigualable controlando cada fase del proceso. Nuestra empresa cuenta con una capacidad \u00fanica para aunar y armonizar el esp\u00edritu artesanal de anta\u00f1o, con las tecnolog\u00edas m\u00e1s vanguardistas e innovadoras del sector.<\/span><\/p>\n<p>[\/et_pb_text][\/et_pb_column][\/et_pb_row][et_pb_row column_structure=\u00bb1_4,1_4,1_4,1_4&#8243; _builder_version=\u00bb4.22.1&#8243; _module_preset=\u00bbdefault\u00bb global_colors_info=\u00bb{}\u00bb][et_pb_column type=\u00bb1_4&#8243; _builder_version=\u00bb4.22.1&#8243; _module_preset=\u00bbdefault\u00bb global_colors_info=\u00bb{}\u00bb][et_pb_blurb title=\u00bbAMPLIA GAMA DE PRODUCTOS\u00bb use_icon=\u00bbon\u00bb font_icon=\u00bb&#x50;||divi||400&#8243; icon_color=\u00bbgcid-706b50f0-e689-4ba3-8d7a-e5c01c011a5a\u00bb icon_placement=\u00bbleft\u00bb _builder_version=\u00bb4.22.1&#8243; _module_preset=\u00bbdefault\u00bb global_colors_info=\u00bb{%22gcid-706b50f0-e689-4ba3-8d7a-e5c01c011a5a%22:%91%22icon_color%22%93}\u00bb]<\/p>\n<p>Ofrecemos una gran variedad de mariscos salvajes capturados en alta mar.<\/p>\n<p>[\/et_pb_blurb][\/et_pb_column][et_pb_column type=\u00bb1_4&#8243; _builder_version=\u00bb4.22.1&#8243; _module_preset=\u00bbdefault\u00bb global_colors_info=\u00bb{}\u00bb][et_pb_blurb title=\u00bbINNOVACI\u00d3N Y TRADICI\u00d3N\u00bb use_icon=\u00bbon\u00bb font_icon=\u00bb&#x50;||divi||400&#8243; icon_color=\u00bbgcid-706b50f0-e689-4ba3-8d7a-e5c01c011a5a\u00bb icon_placement=\u00bbleft\u00bb _builder_version=\u00bb4.22.1&#8243; _module_preset=\u00bbdefault\u00bb global_colors_info=\u00bb{%22gcid-706b50f0-e689-4ba3-8d7a-e5c01c011a5a%22:%91%22icon_color%22%93}\u00bb]<\/p>\n<p><span>Nos adapamos a nuevas tecnolog\u00edas para llegar a ofrecer siempre el mejor producto posible.<\/span><\/p>\n<p>[\/et_pb_blurb][\/et_pb_column][et_pb_column type=\u00bb1_4&#8243; _builder_version=\u00bb4.22.1&#8243; _module_preset=\u00bbdefault\u00bb global_colors_info=\u00bb{}\u00bb][et_pb_blurb title=\u00bbSERVICIO PERSONALIZADO\u00bb use_icon=\u00bbon\u00bb font_icon=\u00bb&#x50;||divi||400&#8243; icon_color=\u00bbgcid-706b50f0-e689-4ba3-8d7a-e5c01c011a5a\u00bb icon_placement=\u00bbleft\u00bb _builder_version=\u00bb4.22.1&#8243; _module_preset=\u00bbdefault\u00bb global_colors_info=\u00bb{%22gcid-706b50f0-e689-4ba3-8d7a-e5c01c011a5a%22:%91%22icon_color%22%93}\u00bb]<\/p>\n<p><span>Cada cliente obtiene con nosotros una atenci\u00f3n individualizada de sus necesidades.<\/span><\/p>\n<p>[\/et_pb_blurb][\/et_pb_column][et_pb_column type=\u00bb1_4&#8243; _builder_version=\u00bb4.22.1&#8243; _module_preset=\u00bbdefault\u00bb global_colors_info=\u00bb{}\u00bb][et_pb_blurb title=\u00bbPRIORIZAMOS LA CALIDAD\u00bb use_icon=\u00bbon\u00bb font_icon=\u00bb&#x50;||divi||400&#8243; icon_color=\u00bbgcid-706b50f0-e689-4ba3-8d7a-e5c01c011a5a\u00bb icon_placement=\u00bbleft\u00bb _builder_version=\u00bb4.22.1&#8243; _module_preset=\u00bbdefault\u00bb global_colors_info=\u00bb{%22gcid-706b50f0-e689-4ba3-8d7a-e5c01c011a5a%22:%91%22icon_color%22%93}\u00bb]<\/p>\n<p><span>Una elaboraci\u00f3n extra cuidadosa y unos rigurosos sistemas de procesamiento.<\/span><\/p>\n<p>[\/et_pb_blurb][\/et_pb_column][\/et_pb_row][et_pb_row column_structure=\u00bb1_4,1_4,1_4,1_4&#8243; _builder_version=\u00bb4.22.1&#8243; _module_preset=\u00bbdefault\u00bb global_colors_info=\u00bb{}\u00bb][et_pb_column type=\u00bb1_4&#8243; _builder_version=\u00bb4.22.1&#8243; _module_preset=\u00bbdefault\u00bb global_colors_info=\u00bb{}\u00bb][et_pb_blurb title=\u00bbSERIEDAD Y PROFESIONALIDAD\u00bb use_icon=\u00bbon\u00bb font_icon=\u00bb&#x50;||divi||400&#8243; icon_color=\u00bbgcid-706b50f0-e689-4ba3-8d7a-e5c01c011a5a\u00bb icon_placement=\u00bbleft\u00bb _builder_version=\u00bb4.22.1&#8243; _module_preset=\u00bbdefault\u00bb global_colors_info=\u00bb{%22gcid-706b50f0-e689-4ba3-8d7a-e5c01c011a5a%22:%91%22icon_color%22%93}\u00bb]<\/p>\n<p><span>Nunca asumimos compromisos que no podamos alcanzar, cuando cerramos acuerdos con clientes, nuestra principal premisa es no fallar ni un solo pedido.<\/span><\/p>\n<p>[\/et_pb_blurb][\/et_pb_column][et_pb_column type=\u00bb1_4&#8243; _builder_version=\u00bb4.22.1&#8243; _module_preset=\u00bbdefault\u00bb global_colors_info=\u00bb{}\u00bb][et_pb_blurb title=\u00bbELABORADO EN HUELVA\u00bb use_icon=\u00bbon\u00bb font_icon=\u00bb&#x50;||divi||400&#8243; icon_color=\u00bbgcid-706b50f0-e689-4ba3-8d7a-e5c01c011a5a\u00bb icon_placement=\u00bbleft\u00bb _builder_version=\u00bb4.22.1&#8243; _module_preset=\u00bbdefault\u00bb global_colors_info=\u00bb{%22gcid-706b50f0-e689-4ba3-8d7a-e5c01c011a5a%22:%91%22icon_color%22%93}\u00bb]<\/p>\n<p><span>Seleccionado de forma artesanal, pieza a pieza por nuestros profesionales, garantizando as\u00ed una presentaci\u00f3n y calidad impecables.<\/span><\/p>\n<p>[\/et_pb_blurb][\/et_pb_column][et_pb_column type=\u00bb1_4&#8243; _builder_version=\u00bb4.22.1&#8243; _module_preset=\u00bbdefault\u00bb global_colors_info=\u00bb{}\u00bb][et_pb_blurb title=\u00bbPRODUCTO SALVAJE\u00bb use_icon=\u00bbon\u00bb font_icon=\u00bb&#x50;||divi||400&#8243; icon_color=\u00bbgcid-706b50f0-e689-4ba3-8d7a-e5c01c011a5a\u00bb icon_placement=\u00bbleft\u00bb _builder_version=\u00bb4.22.1&#8243; _module_preset=\u00bbdefault\u00bb global_colors_info=\u00bb{%22gcid-706b50f0-e689-4ba3-8d7a-e5c01c011a5a%22:%91%22icon_color%22%93}\u00bb]<\/p>\n<p><span>Trabajamos el marisco salvaje pescado y congelado en alta mar, lo que le permite preservar todas sus cualidades y mantener la calidad.<\/span><\/p>\n<p>[\/et_pb_blurb][\/et_pb_column][et_pb_column type=\u00bb1_4&#8243; _builder_version=\u00bb4.22.1&#8243; _module_preset=\u00bbdefault\u00bb global_colors_info=\u00bb{}\u00bb][et_pb_blurb title=\u00bbEXPERIENCIA\u00bb use_icon=\u00bbon\u00bb font_icon=\u00bb&#x50;||divi||400&#8243; icon_color=\u00bbgcid-706b50f0-e689-4ba3-8d7a-e5c01c011a5a\u00bb icon_placement=\u00bbleft\u00bb _builder_version=\u00bb4.22.1&#8243; _module_preset=\u00bbdefault\u00bb global_colors_info=\u00bb{%22gcid-706b50f0-e689-4ba3-8d7a-e5c01c011a5a%22:%91%22icon_color%22%93}\u00bb]<\/p>\n<p>Ponemos a disposici\u00f3n de nuestros clientes m\u00e1s de 30 a\u00f1os de trabajo en el sector.<\/p>\n<p>[\/et_pb_blurb][\/et_pb_column][\/et_pb_row][et_pb_row _builder_version=\u00bb4.22.1&#8243; _module_preset=\u00bbdefault\u00bb custom_padding=\u00bb7px||6px|||\u00bb global_colors_info=\u00bb{}\u00bb][et_pb_column type=\u00bb4_4&#8243; _builder_version=\u00bb4.22.1&#8243; _module_preset=\u00bbdefault\u00bb global_colors_info=\u00bb{}\u00bb][et_pb_divider color=\u00bbgcid-3392f884-4bd2-4227-893b-5fe4174619f2&#8243; divider_position=\u00bbcenter\u00bb divider_weight=\u00bb2px\u00bb _builder_version=\u00bb4.22.1&#8243; _module_preset=\u00bbdefault\u00bb global_colors_info=\u00bb{%22gcid-3392f884-4bd2-4227-893b-5fe4174619f2%22:%91%22color%22%93}\u00bb][\/et_pb_divider][\/et_pb_column][\/et_pb_row][et_pb_row column_structure=\u00bb1_3,2_3&#8243; _builder_version=\u00bb4.22.1&#8243; _module_preset=\u00bbdefault\u00bb global_colors_info=\u00bb{}\u00bb][et_pb_column type=\u00bb1_3&#8243; _builder_version=\u00bb4.22.1&#8243; _module_preset=\u00bbdefault\u00bb global_colors_info=\u00bb{}\u00bb][et_pb_image src=\u00bbhttps:\/\/octogamba.es\/wp-content\/uploads\/2023\/09\/2mapa-con-ubicacion-barcos.png\u00bb title_text=\u00bb2mapa con ubicacion barcos\u00bb _builder_version=\u00bb4.22.1&#8243; _module_preset=\u00bbdefault\u00bb global_colors_info=\u00bb{}\u00bb][\/et_pb_image][\/et_pb_column][et_pb_column type=\u00bb2_3&#8243; _builder_version=\u00bb4.22.1&#8243; _module_preset=\u00bbdefault\u00bb global_colors_info=\u00bb{}\u00bb][et_pb_blurb title=\u00bbMATERIA PRIMA\u00bb use_icon=\u00bbon\u00bb font_icon=\u00bb&#xf14a;||fa||400&#8243; icon_color=\u00bbgcid-706b50f0-e689-4ba3-8d7a-e5c01c011a5a\u00bb icon_placement=\u00bbleft\u00bb image_icon_width=\u00bb26px\u00bb _builder_version=\u00bb4.22.1&#8243; _module_preset=\u00bbdefault\u00bb global_colors_info=\u00bb{%22gcid-706b50f0-e689-4ba3-8d7a-e5c01c011a5a%22:%91%22icon_color%22%93}\u00bb]<\/p>\n<p>Octogamba cuenta con una flota propia de 7 barcos localizados en Senegal y Mauritania, con una cuota de pesca de 1.300 Toneladas anuales.<\/p>\n<p>Adem\u00e1s, obtenemos producto de:<\/p>\n<p>T\u00daNEZ &#8211; ITALIA &#8211; MARRUECOS<\/p>\n<p>MAURITANIA &#8211; SENEGAL &#8211; GUINEA<\/p>\n<p>ANGOLA &#8211; GAMBIA &#8211; NAMIBIA<\/p>\n<p>[\/et_pb_blurb][et_pb_blurb title=\u00bbIMPORTACI\u00d3N\u00bb use_icon=\u00bbon\u00bb font_icon=\u00bb&#xf14a;||fa||400&#8243; icon_color=\u00bbgcid-706b50f0-e689-4ba3-8d7a-e5c01c011a5a\u00bb icon_placement=\u00bbleft\u00bb image_icon_width=\u00bb26px\u00bb _builder_version=\u00bb4.22.1&#8243; _module_preset=\u00bbdefault\u00bb global_colors_info=\u00bb{%22gcid-706b50f0-e689-4ba3-8d7a-e5c01c011a5a%22:%91%22icon_color%22%93}\u00bb]<\/p>\n<p>El producto es importado hasta Huelva, de forma directa desde Caladero, con puntos de partida en Namibia, Italia y T\u00fanez.<\/p>\n<p>[\/et_pb_blurb][\/et_pb_column][\/et_pb_row][et_pb_row _builder_version=\u00bb4.22.1&#8243; _module_preset=\u00bbdefault\u00bb custom_padding=\u00bb7px||6px|||\u00bb global_colors_info=\u00bb{}\u00bb][et_pb_column type=\u00bb4_4&#8243; _builder_version=\u00bb4.22.1&#8243; _module_preset=\u00bbdefault\u00bb global_colors_info=\u00bb{}\u00bb][et_pb_divider color=\u00bbgcid-3392f884-4bd2-4227-893b-5fe4174619f2&#8243; divider_position=\u00bbcenter\u00bb divider_weight=\u00bb2px\u00bb _builder_version=\u00bb4.22.1&#8243; _module_preset=\u00bbdefault\u00bb global_colors_info=\u00bb{%22gcid-3392f884-4bd2-4227-893b-5fe4174619f2%22:%91%22color%22%93}\u00bb][\/et_pb_divider][\/et_pb_column][\/et_pb_row][et_pb_row column_structure=\u00bb2_5,3_5&#8243; _builder_version=\u00bb4.22.1&#8243; _module_preset=\u00bbdefault\u00bb global_colors_info=\u00bb{}\u00bb][et_pb_column type=\u00bb2_5&#8243; _builder_version=\u00bb4.22.1&#8243; _module_preset=\u00bbdefault\u00bb global_colors_info=\u00bb{}\u00bb][et_pb_blurb title=\u00bbSUBASTA\u00bb use_icon=\u00bbon\u00bb font_icon=\u00bb&#xf14a;||fa||400&#8243; icon_color=\u00bbgcid-706b50f0-e689-4ba3-8d7a-e5c01c011a5a\u00bb icon_placement=\u00bbleft\u00bb image_icon_width=\u00bb26px\u00bb _builder_version=\u00bb4.22.1&#8243; _module_preset=\u00bbdefault\u00bb hover_enabled=\u00bb0&#8243; global_colors_info=\u00bb{%22gcid-706b50f0-e689-4ba3-8d7a-e5c01c011a5a%22:%91%22icon_color%22%93}\u00bb sticky_enabled=\u00bb0&#8243;]<\/p>\n<p>Como complemento, realizamos compras selectivas en subastas a nivel regional, en lonjas de C\u00e1diz y Huelva<\/p>\n<p>[\/et_pb_blurb][\/et_pb_column][et_pb_column type=\u00bb3_5&#8243; _builder_version=\u00bb4.22.1&#8243; _module_preset=\u00bbdefault\u00bb global_colors_info=\u00bb{}\u00bb][et_pb_image src=\u00bbhttps:\/\/octogamba.es\/wp-content\/uploads\/2023\/09\/MAPA-ESPANA-HUELVA-CADIZ.png\u00bb title_text=\u00bbMAPA ESPA\u00d1A HUELVA-CADIZ\u00bb _builder_version=\u00bb4.22.1&#8243; _module_preset=\u00bbdefault\u00bb width=\u00bb42%\u00bb global_colors_info=\u00bb{}\u00bb][\/et_pb_image][\/et_pb_column][\/et_pb_row][\/et_pb_section]<\/p>\n","protected":false},"excerpt":{"rendered":"<p>SOMOS OCTOGAMBASOMOS OCTOGAMBANUESTRA EMPRESA SomosOctogamba SL es una empresa espa\u00f1ola con m\u00e1s de 30 a\u00f1os de experiencia en su sector, dedicada a la fabricaci\u00f3n, elaboraci\u00f3n y distribuci\u00f3n de productos pescados y congelados en alta mar, procedentes de los mejores caladeros de \u00c1frica. Procesamos y elaboramos este marisco salvaje abarcando todos los eslabones de la cadena [&hellip;]<\/p>\n","protected":false},"author":1,"featured_media":0,"parent":0,"menu_order":0,"comment_status":"closed","ping_status":"closed","template":"","meta":{"_et_pb_use_builder":"on","_et_pb_old_content":"","_et_gb_content_width":"","footnotes":""},"class_list":["post-32049","page","type-page","status-publish","hentry"],"_links":{"self":[{"href":"https:\/\/octogamba.es\/index.php\/wp-json\/wp\/v2\/pages\/32049","targetHints":{"allow":["GET"]}}],"collection":[{"href":"https:\/\/octogamba.es\/index.php\/wp-json\/wp\/v2\/pages"}],"about":[{"href":"https:\/\/octogamba.es\/index.php\/wp-json\/wp\/v2\/types\/page"}],"author":[{"embeddable":true,"href":"https:\/\/octogamba.es\/index.php\/wp-json\/wp\/v2\/users\/1"}],"replies":[{"embeddable":true,"href":"https:\/\/octogamba.es\/index.php\/wp-json\/wp\/v2\/comments?post=32049"}],"version-history":[{"count":13,"href":"https:\/\/octogamba.es\/index.php\/wp-json\/wp\/v2\/pages\/32049\/revisions"}],"predecessor-version":[{"id":32373,"href":"https:\/\/octogamba.es\/index.php\/wp-json\/wp\/v2\/pages\/32049\/revisions\/32373"}],"wp:attachment":[{"href":"https:\/\/octogamba.es\/index.php\/wp-json\/wp\/v2\/media?parent=32049"}],"curies":[{"name":"wp","href":"https:\/\/api.w.org\/{rel}","templated":true}]}}